{"id":120,"date":"2024-08-02T09:22:44","date_gmt":"2024-08-02T09:22:44","guid":{"rendered":"https:\/\/thestudiohospitality.com\/?page_id=120"},"modified":"2025-05-12T14:36:25","modified_gmt":"2025-05-12T14:36:25","slug":"contact","status":"publish","type":"page","link":"https:\/\/thestudiohospitality.com\/index.php\/contact\/","title":{"rendered":"Contact"},"content":{"rendered":"\t\t<div data-elementor-type=\"wp-page\" data-elementor-id=\"120\" class=\"elementor elementor-120\" data-elementor-post-type=\"page\">\n\t\t\t\t<div class=\"elementor-element elementor-element-5788baa e-flex e-con-boxed e-con e-parent\" data-id=\"5788baa\" data-element_type=\"container\" data-e-type=\"container\" data-settings=\"{&quot;background_background&quot;:&quot;classic&quot;}\">\n\t\t\t\t\t<div class=\"e-con-inner\">\n\t\t<div class=\"elementor-element elementor-element-938ee1b e-con-full e-flex e-con e-child\" data-id=\"938ee1b\" data-element_type=\"container\" data-e-type=\"container\">\n\t\t\t\t<div class=\"elementor-element elementor-element-287cc46 elementor-invisible elementor-widget elementor-widget-heading\" data-id=\"287cc46\" data-element_type=\"widget\" data-e-type=\"widget\" data-settings=\"{&quot;_animation&quot;:&quot;fadeIn&quot;}\" data-widget_type=\"heading.default\">\n\t\t\t\t<div class=\"elementor-widget-container\">\n\t\t\t\t\t<h2 class=\"elementor-heading-title elementor-size-default\">CONTACTS\n<\/h2>\t\t\t\t<\/div>\n\t\t\t\t<\/div>\n\t\t\t\t<\/div>\n\t\t<div class=\"elementor-element elementor-element-0126393 e-con-full e-flex e-con e-child\" data-id=\"0126393\" data-element_type=\"container\" data-e-type=\"container\">\n\t\t\t\t<div class=\"elementor-element elementor-element-8b05c60 elementor-position-top elementor-invisible elementor-widget elementor-widget-image-box\" data-id=\"8b05c60\" data-element_type=\"widget\" data-e-type=\"widget\" data-settings=\"{&quot;_animation&quot;:&quot;fadeIn&quot;}\" data-widget_type=\"image-box.default\">\n\t\t\t\t<div class=\"elementor-widget-container\">\n\t\t\t\t\t<div class=\"elementor-image-box-wrapper\"><figure class=\"elementor-image-box-img\"><img fetchpriority=\"high\" decoding=\"async\" width=\"500\" height=\"500\" src=\"https:\/\/thestudiohospitality.com\/wp-content\/uploads\/2024\/08\/1.jpg\" class=\"elementor-animation-grow attachment-full size-full wp-image-123\" alt=\"\" srcset=\"https:\/\/thestudiohospitality.com\/wp-content\/uploads\/2024\/08\/1.jpg 500w, https:\/\/thestudiohospitality.com\/wp-content\/uploads\/2024\/08\/1-300x300.jpg 300w, https:\/\/thestudiohospitality.com\/wp-content\/uploads\/2024\/08\/1-150x150.jpg 150w\" sizes=\"(max-width: 500px) 100vw, 500px\" \/><\/figure><div class=\"elementor-image-box-content\"><h3 class=\"elementor-image-box-title\">JACOBO SAN NICOL\u00c1S<\/h3><p class=\"elementor-image-box-description\">dt.support@radissonhotels.com<\/p><\/div><\/div>\t\t\t\t<\/div>\n\t\t\t\t<\/div>\n\t\t\t\t<div class=\"elementor-element elementor-element-df7f43b elementor-position-top elementor-invisible elementor-widget elementor-widget-image-box\" data-id=\"df7f43b\" data-element_type=\"widget\" data-e-type=\"widget\" data-settings=\"{&quot;_animation&quot;:&quot;fadeIn&quot;}\" data-widget_type=\"image-box.default\">\n\t\t\t\t<div class=\"elementor-widget-container\">\n\t\t\t\t\t<div class=\"elementor-image-box-wrapper\"><figure class=\"elementor-image-box-img\"><img decoding=\"async\" width=\"500\" height=\"500\" src=\"https:\/\/thestudiohospitality.com\/wp-content\/uploads\/2024\/08\/5.jpg\" class=\"elementor-animation-grow attachment-full size-full wp-image-127\" alt=\"\" srcset=\"https:\/\/thestudiohospitality.com\/wp-content\/uploads\/2024\/08\/5.jpg 500w, https:\/\/thestudiohospitality.com\/wp-content\/uploads\/2024\/08\/5-300x300.jpg 300w, https:\/\/thestudiohospitality.com\/wp-content\/uploads\/2024\/08\/5-150x150.jpg 150w\" sizes=\"(max-width: 500px) 100vw, 500px\" \/><\/figure><div class=\"elementor-image-box-content\"><h3 class=\"elementor-image-box-title\">RA\u00daL ARA<\/h3><p class=\"elementor-image-box-description\">dt.support@radissonhotels.com<\/p><\/div><\/div>\t\t\t\t<\/div>\n\t\t\t\t<\/div>\n\t\t\t\t<div class=\"elementor-element elementor-element-598cf82 elementor-position-top elementor-invisible elementor-widget elementor-widget-image-box\" data-id=\"598cf82\" data-element_type=\"widget\" data-e-type=\"widget\" data-settings=\"{&quot;_animation&quot;:&quot;fadeIn&quot;}\" data-widget_type=\"image-box.default\">\n\t\t\t\t<div class=\"elementor-widget-container\">\n\t\t\t\t\t<div class=\"elementor-image-box-wrapper\"><figure class=\"elementor-image-box-img\"><img decoding=\"async\" width=\"500\" height=\"500\" src=\"https:\/\/thestudiohospitality.com\/wp-content\/uploads\/2024\/08\/2.jpg\" class=\"elementor-animation-grow attachment-full size-full wp-image-124\" alt=\"\" srcset=\"https:\/\/thestudiohospitality.com\/wp-content\/uploads\/2024\/08\/2.jpg 500w, https:\/\/thestudiohospitality.com\/wp-content\/uploads\/2024\/08\/2-300x300.jpg 300w, https:\/\/thestudiohospitality.com\/wp-content\/uploads\/2024\/08\/2-150x150.jpg 150w\" sizes=\"(max-width: 500px) 100vw, 500px\" \/><\/figure><div class=\"elementor-image-box-content\"><h3 class=\"elementor-image-box-title\">JOS\u00c9 LUIS GALINDO<\/h3><p class=\"elementor-image-box-description\">dt.support@radissonhotels.com<\/p><\/div><\/div>\t\t\t\t<\/div>\n\t\t\t\t<\/div>\n\t\t\t\t<div class=\"elementor-element elementor-element-aff00e1 elementor-position-top elementor-invisible elementor-widget elementor-widget-image-box\" data-id=\"aff00e1\" data-element_type=\"widget\" data-e-type=\"widget\" data-settings=\"{&quot;_animation&quot;:&quot;fadeIn&quot;}\" data-widget_type=\"image-box.default\">\n\t\t\t\t<div class=\"elementor-widget-container\">\n\t\t\t\t\t<div class=\"elementor-image-box-wrapper\"><figure class=\"elementor-image-box-img\"><img loading=\"lazy\" decoding=\"async\" width=\"500\" height=\"500\" src=\"https:\/\/thestudiohospitality.com\/wp-content\/uploads\/2024\/08\/4.jpg\" class=\"elementor-animation-grow attachment-full size-full wp-image-126\" alt=\"\" srcset=\"https:\/\/thestudiohospitality.com\/wp-content\/uploads\/2024\/08\/4.jpg 500w, https:\/\/thestudiohospitality.com\/wp-content\/uploads\/2024\/08\/4-300x300.jpg 300w, https:\/\/thestudiohospitality.com\/wp-content\/uploads\/2024\/08\/4-150x150.jpg 150w\" sizes=\"(max-width: 500px) 100vw, 500px\" \/><\/figure><div class=\"elementor-image-box-content\"><h3 class=\"elementor-image-box-title\">ANTONIO SANCHO<\/h3><p class=\"elementor-image-box-description\">antonio.sancho@radissonhotels.com<\/p><\/div><\/div>\t\t\t\t<\/div>\n\t\t\t\t<\/div>\n\t\t\t\t<div class=\"elementor-element elementor-element-656c342 elementor-position-top elementor-invisible elementor-widget elementor-widget-image-box\" data-id=\"656c342\" data-element_type=\"widget\" data-e-type=\"widget\" data-settings=\"{&quot;_animation&quot;:&quot;fadeIn&quot;}\" data-widget_type=\"image-box.default\">\n\t\t\t\t<div class=\"elementor-widget-container\">\n\t\t\t\t\t<div class=\"elementor-image-box-wrapper\"><figure class=\"elementor-image-box-img\"><img loading=\"lazy\" decoding=\"async\" width=\"500\" height=\"500\" src=\"https:\/\/thestudiohospitality.com\/wp-content\/uploads\/2025\/05\/carlos.jpg\" class=\"elementor-animation-grow attachment-full size-full wp-image-411\" alt=\"\" srcset=\"https:\/\/thestudiohospitality.com\/wp-content\/uploads\/2025\/05\/carlos.jpg 500w, https:\/\/thestudiohospitality.com\/wp-content\/uploads\/2025\/05\/carlos-300x300.jpg 300w, https:\/\/thestudiohospitality.com\/wp-content\/uploads\/2025\/05\/carlos-150x150.jpg 150w\" sizes=\"(max-width: 500px) 100vw, 500px\" \/><\/figure><div class=\"elementor-image-box-content\"><h3 class=\"elementor-image-box-title\">CARLOS D\u00cdAZ-MON\u00cdS<\/h3><p class=\"elementor-image-box-description\">carlos.dmbarone@radissonhotels.com<\/p><\/div><\/div>\t\t\t\t<\/div>\n\t\t\t\t<\/div>\n\t\t\t\t<\/div>\n\t\t<div class=\"elementor-element elementor-element-fc7680e e-con-full e-flex e-con e-child\" data-id=\"fc7680e\" data-element_type=\"container\" data-e-type=\"container\">\n\t\t\t\t<div class=\"elementor-element elementor-element-0a527c1 elementor-widget elementor-widget-image\" data-id=\"0a527c1\" data-element_type=\"widget\" data-e-type=\"widget\" data-widget_type=\"image.default\">\n\t\t\t\t<div class=\"elementor-widget-container\">\n\t\t\t\t\t\t\t\t\t\t\t\t\t\t\t<img loading=\"lazy\" decoding=\"async\" width=\"512\" height=\"512\" src=\"https:\/\/thestudiohospitality.com\/wp-content\/uploads\/2024\/08\/cropped-230911-services-RHG-1.png\" class=\"attachment-large size-large wp-image-104\" alt=\"\" srcset=\"https:\/\/thestudiohospitality.com\/wp-content\/uploads\/2024\/08\/cropped-230911-services-RHG-1.png 512w, https:\/\/thestudiohospitality.com\/wp-content\/uploads\/2024\/08\/cropped-230911-services-RHG-1-300x300.png 300w, https:\/\/thestudiohospitality.com\/wp-content\/uploads\/2024\/08\/cropped-230911-services-RHG-1-150x150.png 150w, https:\/\/thestudiohospitality.com\/wp-content\/uploads\/2024\/08\/cropped-230911-services-RHG-1-270x270.png 270w, https:\/\/thestudiohospitality.com\/wp-content\/uploads\/2024\/08\/cropped-230911-services-RHG-1-192x192.png 192w, https:\/\/thestudiohospitality.com\/wp-content\/uploads\/2024\/08\/cropped-230911-services-RHG-1-180x180.png 180w, https:\/\/thestudiohospitality.com\/wp-content\/uploads\/2024\/08\/cropped-230911-services-RHG-1-32x32.png 32w\" sizes=\"(max-width: 512px) 100vw, 512px\" \/>\t\t\t\t\t\t\t\t\t\t\t\t\t\t\t<\/div>\n\t\t\t\t<\/div>\n\t\t\t\t<\/div>\n\t\t\t\t\t<\/div>\n\t\t\t\t<\/div>\n\t\t\t\t<\/div>\n\t\t","protected":false},"excerpt":{"rendered":"<p>CONTACTS JACOBO SAN NICOL\u00c1S dt.support@radissonhotels.com RA\u00daL ARA dt.support@radissonhotels.com JOS\u00c9 LUIS GALINDO dt.support@radissonhotels.com ANTONIO SANCHO antonio.sancho@radissonhotels.com CARLOS D\u00cdAZ-MON\u00cdS carlos.dmbarone@radissonhotels.com<\/p>\n","protected":false},"author":1,"featured_media":0,"parent":0,"menu_order":0,"comment_status":"closed","ping_status":"closed","template":"","meta":{"site-sidebar-layout":"no-sidebar","site-content-layout":"","ast-site-content-layout":"full-width-container","site-content-style":"default","site-sidebar-style":"default","ast-global-header-display":"","ast-banner-title-visibility":"","ast-main-header-display":"","ast-hfb-above-header-display":"","ast-hfb-below-header-display":"","ast-hfb-mobile-header-display":"","site-post-title":"disabled","ast-breadcrumbs-content":"","ast-featured-img":"disabled","footer-sml-layout":"","ast-disable-related-posts":"","theme-transparent-header-meta":"","adv-header-id-meta":"","stick-header-meta":"","header-above-stick-meta":"","header-main-stick-meta":"","header-below-stick-meta":"","astra-migrate-meta-layouts":"default","ast-page-background-enabled":"default","ast-page-background-meta":{"desktop":{"background-color":"var(--ast-global-color-4)","background-image":"","background-repeat":"repeat","background-position":"center center","background-size":"auto","background-attachment":"scroll","background-type":"","background-media":"","overlay-type":"","overlay-color":"","overlay-opacity":"","overlay-gradient":""},"tablet":{"background-color":"","background-image":"","background-repeat":"repeat","background-position":"center center","background-size":"auto","background-attachment":"scroll","background-type":"","background-media":"","overlay-type":"","overlay-color":"","overlay-opacity":"","overlay-gradient":""},"mobile":{"background-color":"","background-image":"","background-repeat":"repeat","background-position":"center center","background-size":"auto","background-attachment":"scroll","background-type":"","background-media":"","overlay-type":"","overlay-color":"","overlay-opacity":"","overlay-gradient":""}},"ast-content-background-meta":{"desktop":{"background-color":"var(--ast-global-color-5)","background-image":"","background-repeat":"repeat","background-position":"center center","background-size":"auto","background-attachment":"scroll","background-type":"","background-media":"","overlay-type":"","overlay-color":"","overlay-opacity":"","overlay-gradient":""},"tablet":{"background-color":"var(--ast-global-color-5)","background-image":"","background-repeat":"repeat","background-position":"center center","background-size":"auto","background-attachment":"scroll","background-type":"","background-media":"","overlay-type":"","overlay-color":"","overlay-opacity":"","overlay-gradient":""},"mobile":{"background-color":"var(--ast-global-color-5)","background-image":"","background-repeat":"repeat","background-position":"center center","background-size":"auto","background-attachment":"scroll","background-type":"","background-media":"","overlay-type":"","overlay-color":"","overlay-opacity":"","overlay-gradient":""}},"footnotes":""},"class_list":["post-120","page","type-page","status-publish","hentry"],"_links":{"self":[{"href":"https:\/\/thestudiohospitality.com\/index.php\/wp-json\/wp\/v2\/pages\/120","targetHints":{"allow":["GET"]}}],"collection":[{"href":"https:\/\/thestudiohospitality.com\/index.php\/wp-json\/wp\/v2\/pages"}],"about":[{"href":"https:\/\/thestudiohospitality.com\/index.php\/wp-json\/wp\/v2\/types\/page"}],"author":[{"embeddable":true,"href":"https:\/\/thestudiohospitality.com\/index.php\/wp-json\/wp\/v2\/users\/1"}],"replies":[{"embeddable":true,"href":"https:\/\/thestudiohospitality.com\/index.php\/wp-json\/wp\/v2\/comments?post=120"}],"version-history":[{"count":19,"href":"https:\/\/thestudiohospitality.com\/index.php\/wp-json\/wp\/v2\/pages\/120\/revisions"}],"predecessor-version":[{"id":414,"href":"https:\/\/thestudiohospitality.com\/index.php\/wp-json\/wp\/v2\/pages\/120\/revisions\/414"}],"wp:attachment":[{"href":"https:\/\/thestudiohospitality.com\/index.php\/wp-json\/wp\/v2\/media?parent=120"}],"curies":[{"name":"wp","href":"https:\/\/api.w.org\/{rel}","templated":true}]}}